{"id":24843,"date":"2021-10-29T14:01:59","date_gmt":"2021-10-29T14:01:59","guid":{"rendered":"https:\/\/www.uchealth.org\/extraordinary\/?page_id=24843"},"modified":"2022-11-10T19:41:56","modified_gmt":"2022-11-10T19:41:56","slug":"new-cleaning-product","status":"publish","type":"page","link":"https:\/\/www.uchealth.org\/extraordinary\/new-cleaning-product\/","title":{"rendered":"What&#8217;s that smell?"},"content":{"rendered":"\t\t<div data-elementor-type=\"wp-page\" data-elementor-id=\"24843\" class=\"elementor elementor-24843\" data-elementor-post-type=\"page\">\n\t\t\t\t\t\t<section class=\"elementor-section elementor-top-section elementor-element elementor-element-046bc97 elementor-section-boxed elementor-section-height-default elementor-section-height-default\" data-id=\"046bc97\" data-element_type=\"section\" data-e-type=\"section\" data-settings=\"{&quot;background_background&quot;:&quot;classic&quot;,&quot;shape_divider_bottom&quot;:&quot;curve&quot;}\">\n\t\t\t\t\t<div class=\"elementor-shape elementor-shape-bottom\" aria-hidden=\"true\" data-negative=\"false\">\n\t\t\t<svg xmlns=\"http:\/\/www.w3.org\/2000\/svg\" viewBox=\"0 0 1000 100\" preserveAspectRatio=\"none\">\n    <path class=\"elementor-shape-fill\" d=\"M1000,4.3V0H0v4.3C0.9,23.1,126.7,99.2,500,100S1000,22.7,1000,4.3z\"\/>\n<\/svg>\t\t<\/div>\n\t\t\t\t\t<div class=\"elementor-container elementor-column-gap-no\">\n\t\t\t\t\t<div class=\"elementor-column elementor-col-100 elementor-top-column elementor-element elementor-element-2fcebc1\" data-id=\"2fcebc1\" data-element_type=\"column\" data-e-type=\"column\">\n\t\t\t<div class=\"elementor-widget-wrap elementor-element-populated\">\n\t\t\t\t\t\t<div class=\"elementor-element elementor-element-8d4d4b4 elementor-widget elementor-widget-heading\" data-id=\"8d4d4b4\" data-element_type=\"widget\" data-e-type=\"widget\" data-widget_type=\"heading.default\">\n\t\t\t\t<div class=\"elementor-widget-container\">\n\t\t\t\t\t<h1 class=\"elementor-heading-title elementor-size-default\">What's that smell?<\/h1>\t\t\t\t<\/div>\n\t\t\t\t<\/div>\n\t\t\t\t\t<\/div>\n\t\t<\/div>\n\t\t\t\t\t<\/div>\n\t\t<\/section>\n\t\t\t\t<section class=\"elementor-section elementor-top-section elementor-element elementor-element-05df0f2 elementor-section-boxed elementor-section-height-default elementor-section-height-default\" data-id=\"05df0f2\" data-element_type=\"section\" data-e-type=\"section\">\n\t\t\t\t\t\t<div class=\"elementor-container elementor-column-gap-wider\">\n\t\t\t\t\t<div class=\"elementor-column elementor-col-100 elementor-top-column elementor-element elementor-element-fba4e3c\" data-id=\"fba4e3c\" data-element_type=\"column\" data-e-type=\"column\">\n\t\t\t<div class=\"elementor-widget-wrap elementor-element-populated\">\n\t\t\t\t\t\t<div class=\"elementor-element elementor-element-f5894c1 elementor-widget elementor-widget-heading\" data-id=\"f5894c1\" data-element_type=\"widget\" data-e-type=\"widget\" data-widget_type=\"heading.default\">\n\t\t\t\t<div class=\"elementor-widget-container\">\n\t\t\t\t\t<h2 class=\"elementor-heading-title elementor-size-default\">Our new cleaning product keeps you safe from infections.<\/h2>\t\t\t\t<\/div>\n\t\t\t\t<\/div>\n\t\t\t\t<div class=\"elementor-element elementor-element-8fed830 elementor-widget elementor-widget-text-editor\" data-id=\"8fed830\" data-element_type=\"widget\" data-e-type=\"widget\" data-widget_type=\"text-editor.default\">\n\t\t\t\t<div class=\"elementor-widget-container\">\n\t\t\t\t\t\t\t\t\t<p><span style=\"font-size: 14pt;\">A little smelly, a lot of safe.<\/span><\/p><p><span style=\"font-size: 14pt;\">You may have noticed that our new disinfectant, OxyCide\u2122, has a slight vinegar smell. This smell is caused by some of its ingredients combining with cleaning products we have used in the past and will become less intense with each use. It is highly effective in stopping the spread of bacteria and viruses like C. diff and COVID-19.<\/span><\/p><p><span style=\"font-size: 14pt;\">It\u2019s safe to breath the air after its use. When this product is being used to clean and disinfect our hospitals, all staff follow the correct protocol to ensure everyone\u2019s safety.<\/span><\/p><p><span style=\"font-size: 14pt;\">If you have questions, please speak with a member of your care team.<\/span><\/p>\t\t\t\t\t\t\t\t<\/div>\n\t\t\t\t<\/div>\n\t\t\t\t\t<\/div>\n\t\t<\/div>\n\t\t\t\t\t<\/div>\n\t\t<\/section>\n\t\t\t\t<section class=\"elementor-section elementor-top-section elementor-element elementor-element-fb72c8c elementor-section-boxed elementor-section-height-default elementor-section-height-default\" data-id=\"fb72c8c\" data-element_type=\"section\" data-e-type=\"section\">\n\t\t\t\t\t\t<div class=\"elementor-container elementor-column-gap-wider\">\n\t\t\t\t\t<div class=\"elementor-column elementor-col-100 elementor-top-column elementor-element elementor-element-3f911e1\" data-id=\"3f911e1\" data-element_type=\"column\" data-e-type=\"column\">\n\t\t\t<div class=\"elementor-widget-wrap elementor-element-populated\">\n\t\t\t\t\t\t<div class=\"elementor-element elementor-element-64a3652 elementor-widget elementor-widget-heading\" data-id=\"64a3652\" data-element_type=\"widget\" data-e-type=\"widget\" data-widget_type=\"heading.default\">\n\t\t\t\t<div class=\"elementor-widget-container\">\n\t\t\t\t\t<h2 class=\"elementor-heading-title elementor-size-default\">\u00bfA qu\u00e9 huele aqu\u00ed?<\/h2>\t\t\t\t<\/div>\n\t\t\t\t<\/div>\n\t\t\t\t<div class=\"elementor-element elementor-element-754fda5 elementor-widget elementor-widget-text-editor\" data-id=\"754fda5\" data-element_type=\"widget\" data-e-type=\"widget\" data-widget_type=\"text-editor.default\">\n\t\t\t\t<div class=\"elementor-widget-container\">\n\t\t\t\t\t\t\t\t\t<h3>Al nuevo producto de limpieza que protege de las infecciones.<\/h3><p><span style=\"font-size: 14pt;\">Un poco de olor, mucha protecci\u00f3n.<\/span><\/p><p><span style=\"font-size: 14pt;\">Habr\u00e1 notado que nuestro nuevo desinfectante OxyCide\u2122 huele un poco a vinagre. Este olor se produce cuando algunos de sus ingredientes se mezclan con los productos de limpieza que us\u00e1bamos antes. El olor ir\u00e1 desapareciendo cada vez que se use. Es un producto que bloquea de manera muy eficaz la propagaci\u00f3n de bacterias y virus como clostridium difficile y COVID-19.<\/span><\/p><p><span style=\"font-size: 14pt;\">No es peligroso respirar el aire despu\u00e9s de usarlo. Cuando este producto se usa para limpiar y desinfectar el hospital, todo el personal sigue el procedimiento correcto para garantizar la seguridad de todos.<\/span><\/p><p><span style=\"font-size: 14pt;\">Si tiene alguna pregunta, no dude en hablar con un miembro de su equipo atenci\u00f3n.<\/span><\/p>\t\t\t\t\t\t\t\t<\/div>\n\t\t\t\t<\/div>\n\t\t\t\t\t<\/div>\n\t\t<\/div>\n\t\t\t\t\t<\/div>\n\t\t<\/section>\n\t\t\t\t<\/div>\n\t\t","protected":false},"excerpt":{"rendered":"<p>What&#8217;s that smell? Our new cleaning product keeps you safe from infections. A little smelly, a lot of safe. You may have noticed that our new disinfectant, OxyCide\u2122, has a slight vinegar smell. This smell is caused by some of its ingredients combining with cleaning products we have used in the past and will become [&hellip;]<\/p>\n","protected":false},"author":2112,"featured_media":0,"parent":0,"menu_order":0,"comment_status":"closed","ping_status":"closed","template":"elementor_header_footer","meta":{"_acf_changed":false,"_relevanssi_hide_post":"","_relevanssi_hide_content":"","_relevanssi_pin_for_all":"","_relevanssi_pin_keywords":"","_relevanssi_unpin_keywords":"","_relevanssi_related_keywords":"","_relevanssi_related_include_ids":"","_relevanssi_related_exclude_ids":"","_relevanssi_related_no_append":"","_relevanssi_related_not_related":"","_relevanssi_related_posts":"","_relevanssi_noindex_reason":"","footnotes":""},"categories":[],"class_list":["post-24843","page","type-page","status-publish","hentry"],"acf":[],"yoast_head":"<!-- This site is optimized with the Yoast SEO Premium plugin v27.2 (Yoast SEO v27.2) - https:\/\/yoast.com\/product\/yoast-seo-premium-wordpress\/ -->\n<title>What&#039;s that smell? | New Cleaning Product OxyCide\u2122 | UCHealth<\/title>\n<meta name=\"description\" content=\"UCHealth is using a new disinfectant, OxyCide\u2122, which has a slight vinegar smell. The vinegar smell will become less intense with each use. It is highly effective in stopping the spread of bacteria and viruses like C. diff and COVID-19.\" \/>\n<meta name=\"robots\" content=\"noindex, follow, max-snippet:-1, max-image-preview:large, max-video-preview:-1\" \/>\n<meta property=\"og:locale\" content=\"en_US\" \/>\n<meta property=\"og:type\" content=\"article\" \/>\n<meta property=\"og:title\" content=\"What&#039;s that smell?\" \/>\n<meta property=\"og:description\" content=\"UCHealth is using a new disinfectant, OxyCide\u2122, which has a slight vinegar smell. The vinegar smell will become less intense with each use. It is highly effective in stopping the spread of bacteria and viruses like C. diff and COVID-19.\" \/>\n<meta property=\"og:url\" content=\"https:\/\/www.uchealth.org\/extraordinary\/new-cleaning-product\/\" \/>\n<meta property=\"og:site_name\" content=\"Extraordinary\" \/>\n<meta property=\"article:modified_time\" content=\"2022-11-10T19:41:56+00:00\" \/>\n<meta name=\"twitter:card\" content=\"summary_large_image\" \/>\n<meta name=\"twitter:label1\" content=\"Est. reading time\" \/>\n\t<meta name=\"twitter:data1\" content=\"2 minutes\" \/>\n<script type=\"application\/ld+json\" class=\"yoast-schema-graph\">{\"@context\":\"https:\/\/schema.org\",\"@graph\":[{\"@type\":\"WebPage\",\"@id\":\"https:\/\/www.uchealth.org\/extraordinary\/new-cleaning-product\/\",\"url\":\"https:\/\/www.uchealth.org\/extraordinary\/new-cleaning-product\/\",\"name\":\"What's that smell? | New Cleaning Product OxyCide\u2122 | UCHealth\",\"isPartOf\":{\"@id\":\"https:\/\/www.uchealth.org\/extraordinary\/#website\"},\"datePublished\":\"2021-10-29T14:01:59+00:00\",\"dateModified\":\"2022-11-10T19:41:56+00:00\",\"description\":\"UCHealth is using a new disinfectant, OxyCide\u2122, which has a slight vinegar smell. The vinegar smell will become less intense with each use. It is highly effective in stopping the spread of bacteria and viruses like C. diff and COVID-19.\",\"breadcrumb\":{\"@id\":\"https:\/\/www.uchealth.org\/extraordinary\/new-cleaning-product\/#breadcrumb\"},\"inLanguage\":\"en-US\",\"potentialAction\":[{\"@type\":\"ReadAction\",\"target\":[\"https:\/\/www.uchealth.org\/extraordinary\/new-cleaning-product\/\"]}]},{\"@type\":\"BreadcrumbList\",\"@id\":\"https:\/\/www.uchealth.org\/extraordinary\/new-cleaning-product\/#breadcrumb\",\"itemListElement\":[{\"@type\":\"ListItem\",\"position\":1,\"name\":\"Home\",\"item\":\"https:\/\/www.uchealth.org\/extraordinary\/\"},{\"@type\":\"ListItem\",\"position\":2,\"name\":\"What&#8217;s that smell?\"}]},{\"@type\":\"WebSite\",\"@id\":\"https:\/\/www.uchealth.org\/extraordinary\/#website\",\"url\":\"https:\/\/www.uchealth.org\/extraordinary\/\",\"name\":\"Extraordinary\",\"description\":\"\",\"publisher\":{\"@id\":\"https:\/\/www.uchealth.org\/extraordinary\/#organization\"},\"potentialAction\":[{\"@type\":\"SearchAction\",\"target\":{\"@type\":\"EntryPoint\",\"urlTemplate\":\"https:\/\/www.uchealth.org\/extraordinary\/?s={search_term_string}\"},\"query-input\":{\"@type\":\"PropertyValueSpecification\",\"valueRequired\":true,\"valueName\":\"search_term_string\"}}],\"inLanguage\":\"en-US\"},{\"@type\":\"Organization\",\"@id\":\"https:\/\/www.uchealth.org\/extraordinary\/#organization\",\"name\":\"UCHealth\",\"url\":\"https:\/\/www.uchealth.org\/extraordinary\/\",\"logo\":{\"@type\":\"ImageObject\",\"inLanguage\":\"en-US\",\"@id\":\"https:\/\/www.uchealth.org\/extraordinary\/#\/schema\/logo\/image\/\",\"url\":\"https:\/\/uchealth-wp-uploads.s3.amazonaws.com\/wp-content\/uploads\/sites\/11\/2017\/08\/21144220\/uchealth-logo-trimmed.png\",\"contentUrl\":\"https:\/\/uchealth-wp-uploads.s3.amazonaws.com\/wp-content\/uploads\/sites\/11\/2017\/08\/21144220\/uchealth-logo-trimmed.png\",\"width\":1365,\"height\":300,\"caption\":\"UCHealth\"},\"image\":{\"@id\":\"https:\/\/www.uchealth.org\/extraordinary\/#\/schema\/logo\/image\/\"}}]}<\/script>\n<!-- \/ Yoast SEO Premium plugin. -->","yoast_head_json":{"title":"What's that smell? | New Cleaning Product OxyCide\u2122 | UCHealth","description":"UCHealth is using a new disinfectant, OxyCide\u2122, which has a slight vinegar smell. The vinegar smell will become less intense with each use. It is highly effective in stopping the spread of bacteria and viruses like C. diff and COVID-19.","robots":{"index":"noindex","follow":"follow","max-snippet":"max-snippet:-1","max-image-preview":"max-image-preview:large","max-video-preview":"max-video-preview:-1"},"og_locale":"en_US","og_type":"article","og_title":"What's that smell?","og_description":"UCHealth is using a new disinfectant, OxyCide\u2122, which has a slight vinegar smell. The vinegar smell will become less intense with each use. It is highly effective in stopping the spread of bacteria and viruses like C. diff and COVID-19.","og_url":"https:\/\/www.uchealth.org\/extraordinary\/new-cleaning-product\/","og_site_name":"Extraordinary","article_modified_time":"2022-11-10T19:41:56+00:00","twitter_card":"summary_large_image","twitter_misc":{"Est. reading time":"2 minutes"},"schema":{"@context":"https:\/\/schema.org","@graph":[{"@type":"WebPage","@id":"https:\/\/www.uchealth.org\/extraordinary\/new-cleaning-product\/","url":"https:\/\/www.uchealth.org\/extraordinary\/new-cleaning-product\/","name":"What's that smell? | New Cleaning Product OxyCide\u2122 | UCHealth","isPartOf":{"@id":"https:\/\/www.uchealth.org\/extraordinary\/#website"},"datePublished":"2021-10-29T14:01:59+00:00","dateModified":"2022-11-10T19:41:56+00:00","description":"UCHealth is using a new disinfectant, OxyCide\u2122, which has a slight vinegar smell. The vinegar smell will become less intense with each use. It is highly effective in stopping the spread of bacteria and viruses like C. diff and COVID-19.","breadcrumb":{"@id":"https:\/\/www.uchealth.org\/extraordinary\/new-cleaning-product\/#breadcrumb"},"inLanguage":"en-US","potentialAction":[{"@type":"ReadAction","target":["https:\/\/www.uchealth.org\/extraordinary\/new-cleaning-product\/"]}]},{"@type":"BreadcrumbList","@id":"https:\/\/www.uchealth.org\/extraordinary\/new-cleaning-product\/#breadcrumb","itemListElement":[{"@type":"ListItem","position":1,"name":"Home","item":"https:\/\/www.uchealth.org\/extraordinary\/"},{"@type":"ListItem","position":2,"name":"What&#8217;s that smell?"}]},{"@type":"WebSite","@id":"https:\/\/www.uchealth.org\/extraordinary\/#website","url":"https:\/\/www.uchealth.org\/extraordinary\/","name":"Extraordinary","description":"","publisher":{"@id":"https:\/\/www.uchealth.org\/extraordinary\/#organization"},"potentialAction":[{"@type":"SearchAction","target":{"@type":"EntryPoint","urlTemplate":"https:\/\/www.uchealth.org\/extraordinary\/?s={search_term_string}"},"query-input":{"@type":"PropertyValueSpecification","valueRequired":true,"valueName":"search_term_string"}}],"inLanguage":"en-US"},{"@type":"Organization","@id":"https:\/\/www.uchealth.org\/extraordinary\/#organization","name":"UCHealth","url":"https:\/\/www.uchealth.org\/extraordinary\/","logo":{"@type":"ImageObject","inLanguage":"en-US","@id":"https:\/\/www.uchealth.org\/extraordinary\/#\/schema\/logo\/image\/","url":"https:\/\/uchealth-wp-uploads.s3.amazonaws.com\/wp-content\/uploads\/sites\/11\/2017\/08\/21144220\/uchealth-logo-trimmed.png","contentUrl":"https:\/\/uchealth-wp-uploads.s3.amazonaws.com\/wp-content\/uploads\/sites\/11\/2017\/08\/21144220\/uchealth-logo-trimmed.png","width":1365,"height":300,"caption":"UCHealth"},"image":{"@id":"https:\/\/www.uchealth.org\/extraordinary\/#\/schema\/logo\/image\/"}}]}},"_links":{"self":[{"href":"https:\/\/www.uchealth.org\/extraordinary\/wp-json\/wp\/v2\/pages\/24843","targetHints":{"allow":["GET"]}}],"collection":[{"href":"https:\/\/www.uchealth.org\/extraordinary\/wp-json\/wp\/v2\/pages"}],"about":[{"href":"https:\/\/www.uchealth.org\/extraordinary\/wp-json\/wp\/v2\/types\/page"}],"author":[{"embeddable":true,"href":"https:\/\/www.uchealth.org\/extraordinary\/wp-json\/wp\/v2\/users\/2112"}],"replies":[{"embeddable":true,"href":"https:\/\/www.uchealth.org\/extraordinary\/wp-json\/wp\/v2\/comments?post=24843"}],"version-history":[{"count":10,"href":"https:\/\/www.uchealth.org\/extraordinary\/wp-json\/wp\/v2\/pages\/24843\/revisions"}],"predecessor-version":[{"id":28478,"href":"https:\/\/www.uchealth.org\/extraordinary\/wp-json\/wp\/v2\/pages\/24843\/revisions\/28478"}],"wp:attachment":[{"href":"https:\/\/www.uchealth.org\/extraordinary\/wp-json\/wp\/v2\/media?parent=24843"}],"wp:term":[{"taxonomy":"category","embeddable":true,"href":"https:\/\/www.uchealth.org\/extraordinary\/wp-json\/wp\/v2\/categories?post=24843"}],"curies":[{"name":"wp","href":"https:\/\/api.w.org\/{rel}","templated":true}]}}